{"id":13137,"date":"2025-11-10T15:14:04","date_gmt":"2025-11-10T20:14:04","guid":{"rendered":"https:\/\/laporteconsultants.com\/?page_id=13137"},"modified":"2025-11-10T15:56:45","modified_gmt":"2025-11-10T20:56:45","slug":"grain-pulse","status":"publish","type":"page","link":"https:\/\/laporteconsultants.com\/en\/markets-and-customers\/agrifood\/grain-pulse\/","title":{"rendered":"Grain, Pulse"},"content":{"rendered":"<section class=\"title-vin\">\n<!-- <span class=\"filigrane\">V<\/span> -->\n  <div class=\"container\" style=\"max-width:100%;\">\n    <div class=\"container-wrapper\" style=\"padding:0 5%;\">\n                  <h2 class=\"title-section-market\" style=\"color:#2F2F2F;text-align:left;font-size:55px;line-height:67px;\">Grain, Pulse<\/h2>\n            <\/div>\n  <\/div>\n<\/section>\n\n\n<style>\n\n.title-vin {\n  margin:30px 0 45px 0;\n}  \n\n.title-section-market {\n  margin-top: 3rem !important;\n  color:#2F2F2F;\n  text-align:left;\n  font-size:55px;\n  line-height:67px;\n}\n\n\n@media screen and (max-width: 920px) {\n\n  .title-vin {\n    margin:0px 0 45px 0;\n  }  \n\n  .title-section-market {\n    margin-top: unset !important;\n    font-size:40px;\n    line-height:52px;\n  }\n\n}\n\n<\/style>\n\n<section class=\"responsive-section\">\n    <div class=\"container-wrapper\">\n        <div class=\"col-left\">\n                            <h2 class=\"title-section-market-left\">Frequently Implemented Processes<\/h2>\n                        <ul>\n                                            <li>\n                                <i class=\"icon icon-bullet-client\"><\/i> <span class=\"bullet-client\">Bulk grain storage, elevators, silos<\/span>\n                            <\/li>\n                                                    <li>\n                                <i class=\"icon icon-bullet-client\"><\/i> <span class=\"bullet-client\">Sampling, blending<\/span>\n                            <\/li>\n                                                    <li>\n                                <i class=\"icon icon-bullet-client\"><\/i> <span class=\"bullet-client\">Truck, rail, marine unloading and loading<\/span>\n                            <\/li>\n                                                    <li>\n                                <i class=\"icon icon-bullet-client\"><\/i> <span class=\"bullet-client\">Zipper ducts, trolleys, barge hauls, marine legs, cover hoists<\/span>\n                            <\/li>\n                                                    <li>\n                                <i class=\"icon icon-bullet-client\"><\/i> <span class=\"bullet-client\">Convoying in dense and diluted phase<\/span>\n                            <\/li>\n                                                    <li>\n                                <i class=\"icon icon-bullet-client\"><\/i> <span class=\"bullet-client\">Dust collection<\/span>\n                            <\/li>\n                                    <\/ul>\n        <\/div>\n\n        <div class=\"col-right\">\n                            <h2 class=\"title-section-market-right\">Some of our Achievements<\/h2>\n                        <ul>\n                                            <li>\n                                <div><img decoding=\"async\" src=\"https:\/\/laporteconsultants.com\/wp-content\/uploads\/2025\/11\/ADM-USA.jpg\" alt=\"ADM\"\/><\/div>\n                                <h2><i class=\"icon icon-bullet-client\"><\/i> ADM<\/h2>\n                                <p>Improvement projects at grain export facilities: truck, rail and marine.<\/p>\n                            <\/li>\n                                                    <li>\n                                <div><img decoding=\"async\" src=\"https:\/\/laporteconsultants.com\/wp-content\/uploads\/2025\/11\/ADM-Five-Roses-2.png\" alt=\"ADM\"\/><\/div>\n                                <h2><i class=\"icon icon-bullet-client\"><\/i> ADM<\/h2>\n                                <p>Feed storage addition.<\/p>\n                            <\/li>\n                                                    <li>\n                                <div><img decoding=\"async\" src=\"https:\/\/laporteconsultants.com\/wp-content\/uploads\/2025\/11\/ADM-Candiac.png\" alt=\"ADM\"\/><\/div>\n                                <h2><i class=\"icon icon-bullet-client\"><\/i> ADM<\/h2>\n                                <p>Wheat wet separation process.<\/p>\n                            <\/li>\n                                                    <li>\n                                <div><img decoding=\"async\" src=\"https:\/\/laporteconsultants.com\/wp-content\/uploads\/2025\/11\/Richardson-Sorel.png\" alt=\"Richardson International\"\/><\/div>\n                                <h2><i class=\"icon icon-bullet-client\"><\/i> Richardson International<\/h2>\n                                <p>Integration of a grain cleaner in an existing grain port terminal.<\/p>\n                            <\/li>\n                                                    <li>\n                                <div><img decoding=\"async\" src=\"https:\/\/laporteconsultants.com\/wp-content\/uploads\/2025\/11\/Richardson.png\" alt=\"Richardson International\"\/><\/div>\n                                <h2><i class=\"icon icon-bullet-client\"><\/i> Richardson International<\/h2>\n                                <p>New grain elevator leg installed in an operating 50-year-old grain terminal.<\/p>\n                            <\/li>\n                                                    <li>\n                                <div><img decoding=\"async\" src=\"https:\/\/laporteconsultants.com\/wp-content\/uploads\/2025\/11\/viterra2.jpg\" alt=\"Viterra\"\/><\/div>\n                                <h2><i class=\"icon icon-bullet-client\"><\/i> Viterra<\/h2>\n                                <p>Turnkey project to replace the wheels of the marine towers used to unload grain from the laker ships.<\/p>\n                            <\/li>\n                                    <\/ul>\n        <\/div>\n    <\/div>\n<\/section>\n\n<style>\n\/* Base styles (for desktops) *\/\n\n.responsive-section {\n  margin:45px 0;\n}\n\n.responsive-section .container-wrapper {\n    display: flex;\n    padding-right:unset !important;\n    padding-left:unset !important;\n}\n\n.col-left {\n    flex: 1;\n    flex-basis: 35%;\n    background-color: #000;\n    padding: 2% 5% 5% 5%;\n    position: sticky;\n    top: 0;\n    height: 875px;\n  \/*  overflow-y: auto; *\/\n}\n\n.title-section-market-left {\n    color: #FBB900;\n    text-align: left;\n    font-size:38px;\n    line-height:46px;\n    margin:3% 0 10% 0;\n}\n\n.col-left ul {\n    list-style: none;\n    padding: 0;\n}\n\n.col-left ul li {\n    margin-bottom: 20px;\n        display: flex !important;\n    align-items: flex-start !important;\n}\n\n.bullet-client {\n    color: #FFF;\n    font-size: 16px;\n    line-height: 20px;\n}\n\n.col-left ul li .icon {\n    color: #FBB900;\n    margin-right: 15px;\n}\n\n.col-right {\n    flex: 2;\n    flex-basis: 65%;\n    padding: 2% 5% 0 5%;\n    background-color: #F4F4F4;\n    overflow-y: auto;\n    height: 875px;\n}\n\n.title-section-market-right {\n    text-align: left;\n    max-width: 350px;\n    font-size:38px;\n    line-height:46px;\n    margin:1% 0 5% 0;\n}\n\n.col-right ul {\n    display: flex;\n    flex-wrap: wrap;\n    gap: 90px;\n    padding-bottom: 10%;\n    list-style: none;\n    background-image:url('\/wp-content\/uploads\/2025\/08\/3_section1_lambda-background.png');\n    background-repeat: no-repeat; \n    background-position: center bottom; \n    background-size: contain; \n}\n\n.col-right ul li {\n    flex-basis: calc(50% - 45px);\n}\n\n.col-right ul li img {\n    max-width: 100%;\n    height: auto;\n}\n\n.col-right ul li h2 {\n    color: #1A1A1A;\n    font-size: 25px;\n    line-height: 30px;\n    margin: 30px 0 20px 0;\n    font-weight: 600;\n}\n\n.col-right ul li h2 .icon {\n    color: #FBB900;\n    margin-right: 15px;\n}\n\n.col-right ul li p {\n    color: #1A1A1A;\n    font-size: 16px;\n    line-height: 25px;\n}\n\n\n@media screen and (max-width: 1050px) {\n\n    .col-left,\n    .col-right {\n        height: 950px;\n    }\n\n    .title-section-market-left,\n    .title-section-market-right{\n      font-size: 26px;\n      line-height: 30px;\n    }\n\n    .title-section-market-left{\n      margin:5% 0;\n    }\n\n    .col-right ul li h2 {\n      font-size: 20px;\n      line-height: 24px;\n    }\n\n}\n\n\n\/* Tablet styles *\/\n@media screen and (max-width: 920px) {\n    .responsive-section .container-wrapper {\n        flex-direction: column !important;\n    }\n\n    .col-left,\n    .col-right {\n        flex-basis: 100%;\n        width: 100%;\n        height: auto; \/* Remove fixed height *\/\n        position: static; \/* Remove sticky behavior *\/\n        padding: 5%;\n    }\n\n    .col-right {\n        order: 2; \/* Ensures it appears below the left column *\/\n    }\n}\n\n\/* Mobile styles *\/\n@media screen and (max-width: 480px) {\n    .responsive-section {\n        margin: 50px 0;\n    }\n\n    .col-left,\n    .col-right {\n        padding: 5%;\n    }\n\n    .col-right ul {\n        gap: 30px;\n    }\n\n    .col-right ul li {\n        flex-basis: 100%; \/* Stacks items vertically *\/\n    }\n}\n<\/style>\n\n<section style=\"margin:90px 40px;\" class=\"btns-carousel\">\n    <div class=\"container\">\n        <div class=\"carousel-wrapper\" data-items-per-view=\"5\">\n            <button class=\"prev-arrow\"><img decoding=\"async\" src=\"\/wp-content\/uploads\/2025\/08\/asset2.png\"><\/button>\n            <div class=\"carousel-container\">\n                <div class=\"carousel-track\">\n                                                <div class=\"carousel-item\">\n                                <a href=\"#\" class=\"btn-carousel\">\n                                    Oil, Flour, &#8230;                                <\/a>\n                            <\/div>\n                                                <div class=\"carousel-item\">\n                                <a href=\"#\" class=\"btn-carousel\">\n                                    Plant-based and alternative proteins                                <\/a>\n                            <\/div>\n                                                <div class=\"carousel-item\">\n                                <a href=\"#\" class=\"btn-carousel\">\n                                    Sugar                                <\/a>\n                            <\/div>\n                                                <div class=\"carousel-item\">\n                                <a href=\"#\" class=\"btn-carousel\">\n                                    Pet food                                <\/a>\n                            <\/div>\n                                                <div class=\"carousel-item\">\n                                <a href=\"#\" class=\"btn-carousel\">\n                                    Milk                                <\/a>\n                            <\/div>\n                                                <div class=\"carousel-item\">\n                                <a href=\"#\" class=\"btn-carousel\">\n                                    Yogurt, Cheese                                <\/a>\n                            <\/div>\n                                                <div class=\"carousel-item\">\n                                <a href=\"#\" class=\"btn-carousel\">\n                                    Meat, Fish                                <\/a>\n                            <\/div>\n                                                <div class=\"carousel-item\">\n                                <a href=\"\" class=\"btn-carousel\">\n                                    Fruit, Vegetable                                <\/a>\n                            <\/div>\n                                                <div class=\"carousel-item\">\n                                <a href=\"\" class=\"btn-carousel\">\n                                    Ready-to-eat meal, Frozen food, Grocery                                 <\/a>\n                            <\/div>\n                                                <div class=\"carousel-item\">\n                                <a href=\"#\" class=\"btn-carousel\">\n                                    Salad dressing, Sauce, Condiment                                <\/a>\n                            <\/div>\n                                    <\/div>\n            <\/div>\n            <button class=\"next-arrow\"><img decoding=\"async\" src=\"\/wp-content\/uploads\/2025\/08\/asset1.png\"><\/button>\n        <\/div>\n        <div class=\"carousel-dots\"><\/div>\n    <\/div>\n<\/section>\n\n<style>\n\n.btns-carousel .carousel-wrapper {\n  position: relative;\n  max-width: 100%;\n  margin: 0 auto;\n}\n\n.btns-carousel .carousel-container {\n  overflow: hidden;\n}\n\n.btns-carousel .carousel-track {\n  display: flex !important;\n  flex-wrap: nowrap;\n  gap: 35px;\n  transition: transform 0.5s ease-in-out;\n}\n\n\/* Desktop: 5 buttons *\/\n.btns-carousel .carousel-item {\n  flex-shrink: 0;\n  flex-basis: calc((100% - 140px) \/ 5) !important;\n}\n\n\/* Tablet: 3 buttons *\/\n@media screen and (max-width: 1125px) {\n  .btns-carousel .carousel-item {\n    flex-basis: calc((100% - 70px) \/ 3) !important;\n  }\n}\n\n\/* Mobile: 1 button *\/\n@media screen and (max-width: 480px) {\n  .btns-carousel .carousel-item {\n    flex-basis: 100% !important;\n  }\n\n}\n\n.btns-carousel .btn-carousel {\n  display: flex;\n  align-items: center;\n  justify-content: center;\n  width: 100%;\n  padding: 0 30px;\n  text-align: center;\n  background-color: #FBB900;\n  color: #1A1A1A;\n  text-decoration: none;\n  border-radius: 50px;\n  height:60px;\n}\n\n.btns-carousel .prev-arrow, .btns-carousel .next-arrow {\n  position: absolute;\n  top: 50%;\n  transform: translateY(-50%);\n  z-index: 10;\n  cursor: pointer;\n  background-color: transparent;\n  border: none;\n}\n\n.btns-carousel .prev-arrow { \n  left: -40px;\n}\n\n.btns-carousel .next-arrow { \n  right: -40px;\n}\n\n.btns-carousel .carousel-dots {\n  display: flex;\n  justify-content: center;\n  margin-top: 60px;\n}\n\n.btns-carousel .carousel-dots .dot {\n  width: 14px;\n  height: 14px;\n  background-color: #CFD2D1;\n  border-radius: 50%;\n  margin: 0 5px;\n  cursor: pointer;\n}\n\n.btns-carousel .carousel-dots .dot.active {\n  background-color: #938E86;\n}\n\n<\/style>\n\n<script>\n\ndocument.addEventListener('DOMContentLoaded', () => {\n    const track = document.querySelector('.carousel-track');\n    const items = Array.from(track.children);\n    \n    \n    const getItemsPerView = () => {\n        const wrapper = document.querySelector('.carousel-wrapper');\n        if (window.matchMedia('(max-width: 480px)').matches) return 1;\n        if (window.matchMedia('(max-width: 768px)').matches) return 3;\n        if (window.matchMedia('(max-width: 1025px)').matches) return 4;\n        return parseInt(wrapper.dataset.itemsPerView, 10);\n    };\n\n    let itemsPerView = getItemsPerView();\n    \n    if (items.length === 0) {\n        console.log('Aucun item dans le carousel.');\n        return;\n    }\n    \n    const nextButton = document.querySelector('.next-arrow');\n    const prevButton = document.querySelector('.prev-arrow');\n    const dotsContainer = document.querySelector('.carousel-dots');\n    \n    let currentSlide = 0;\n\n    const updateButtonStates = () => {\n        if (currentSlide === 0) {\n            prevButton.disabled = true;\n        } else {\n            prevButton.disabled = false;\n        }\n        \n        if (currentSlide >= items.length - itemsPerView) {\n            nextButton.disabled = true;\n        } else {\n            nextButton.disabled = false;\n        }\n        \n        const dots = Array.from(dotsContainer.children);\n        dots.forEach((dot, index) => {\n            if (index === currentSlide) {\n                dot.classList.add('active');\n            } else {\n                dot.classList.remove('active');\n            }\n        });\n    };\n    \n    const moveToSlide = (newSlide) => {\n        const newPosition = items[newSlide].offsetLeft;\n        track.style.transform = `translateX(-${newPosition}px)`;\n        currentSlide = newSlide;\n        updateButtonStates();\n    };\n\n    nextButton.addEventListener('click', () => {\n        const nextSlide = currentSlide + 1;\n        if (nextSlide <= items.length - itemsPerView) {\n            moveToSlide(nextSlide);\n        }\n    });\n\n    prevButton.addEventListener('click', () => {\n        const prevSlide = currentSlide - 1;\n        if (prevSlide >= 0) {\n            moveToSlide(prevSlide);\n        }\n    });\n\n    const createDots = () => {\n        dotsContainer.innerHTML = '';\n        const numSlides = items.length - itemsPerView + 1;\n        for (let i = 0; i < numSlides; i++) {\n            const dot = document.createElement('div');\n            dot.classList.add('dot');\n            dotsContainer.appendChild(dot);\n        }\n    };\n    \n    const initCarousel = () => {\n        itemsPerView = getItemsPerView();\n        createDots();\n        updateButtonStates();\n    };\n\n    initCarousel();\n    \n    window.addEventListener('resize', initCarousel);\n});\n<\/script>\n\n<div class=\"wp-block-paragraph wysiwyg container\"><div class=\"container-wrapper-content\">\n<p><\/p>\n<\/div><\/div>","protected":false},"excerpt":{"rendered":"","protected":false},"author":2,"featured_media":0,"parent":881,"menu_order":37,"comment_status":"closed","ping_status":"closed","template":"","meta":{"_acf_changed":true,"inline_featured_image":false,"footnotes":""},"class_list":["post-13137","page","type-page","status-publish","hentry"],"acf":[],"yoast_head":"<!-- This site is optimized with the Yoast SEO plugin v27.3 - https:\/\/yoast.com\/product\/yoast-seo-wordpress\/ -->\n<title>Grain, Pulse - Laporte<\/title>\n<meta name=\"description\" content=\"Laporte offre des services d&#039;ing\u00e9nierie d&#039;usine sp\u00e9cialis\u00e9s dans le domaine agroalimentaire.\" \/>\n<meta name=\"robots\" content=\"index, follow, max-snippet:-1, max-image-preview:large, max-video-preview:-1\" \/>\n<link rel=\"canonical\" href=\"https:\/\/laporteconsultants.com\/en\/markets-and-customers\/agrifood\/grain-pulse\/\" \/>\n<meta property=\"og:locale\" content=\"en_US\" \/>\n<meta property=\"og:type\" content=\"article\" \/>\n<meta property=\"og:title\" content=\"Grain, Pulse - Laporte\" \/>\n<meta property=\"og:description\" content=\"Laporte offre des services d&#039;ing\u00e9nierie d&#039;usine sp\u00e9cialis\u00e9s dans le domaine agroalimentaire.\" \/>\n<meta property=\"og:url\" content=\"https:\/\/laporteconsultants.com\/en\/markets-and-customers\/agrifood\/grain-pulse\/\" \/>\n<meta property=\"og:site_name\" content=\"LAPORTE Consultants\" \/>\n<meta property=\"article:modified_time\" content=\"2025-11-10T20:56:45+00:00\" \/>\n<meta name=\"twitter:card\" content=\"summary_large_image\" \/>\n<script type=\"application\/ld+json\" class=\"yoast-schema-graph\">{\"@context\":\"https:\\\/\\\/schema.org\",\"@graph\":[{\"@type\":\"WebPage\",\"@id\":\"https:\\\/\\\/laporteconsultants.com\\\/en\\\/markets-and-customers\\\/agrifood\\\/grain-pulse\\\/\",\"url\":\"https:\\\/\\\/laporteconsultants.com\\\/en\\\/markets-and-customers\\\/agrifood\\\/grain-pulse\\\/\",\"name\":\"Grain, Pulse - Laporte\",\"isPartOf\":{\"@id\":\"https:\\\/\\\/laporteconsultants.com\\\/en\\\/#website\"},\"datePublished\":\"2025-11-10T20:14:04+00:00\",\"dateModified\":\"2025-11-10T20:56:45+00:00\",\"description\":\"Laporte offre des services d'ing\u00e9nierie d'usine sp\u00e9cialis\u00e9s dans le domaine agroalimentaire.\",\"breadcrumb\":{\"@id\":\"https:\\\/\\\/laporteconsultants.com\\\/en\\\/markets-and-customers\\\/agrifood\\\/grain-pulse\\\/#breadcrumb\"},\"inLanguage\":\"en-US\",\"potentialAction\":[{\"@type\":\"ReadAction\",\"target\":[\"https:\\\/\\\/laporteconsultants.com\\\/en\\\/markets-and-customers\\\/agrifood\\\/grain-pulse\\\/\"]}]},{\"@type\":\"BreadcrumbList\",\"@id\":\"https:\\\/\\\/laporteconsultants.com\\\/en\\\/markets-and-customers\\\/agrifood\\\/grain-pulse\\\/#breadcrumb\",\"itemListElement\":[{\"@type\":\"ListItem\",\"position\":1,\"name\":\"Home\",\"item\":\"https:\\\/\\\/laporteconsultants.com\\\/en\\\/\"},{\"@type\":\"ListItem\",\"position\":2,\"name\":\"Markets and Clients\",\"item\":\"https:\\\/\\\/laporteconsultants.com\\\/en\\\/markets-and-customers\\\/\"},{\"@type\":\"ListItem\",\"position\":3,\"name\":\"Agrifood\",\"item\":\"https:\\\/\\\/laporteconsultants.com\\\/en\\\/markets-and-customers\\\/agrifood\\\/\"},{\"@type\":\"ListItem\",\"position\":4,\"name\":\"Grain, Pulse\"}]},{\"@type\":\"WebSite\",\"@id\":\"https:\\\/\\\/laporteconsultants.com\\\/en\\\/#website\",\"url\":\"https:\\\/\\\/laporteconsultants.com\\\/en\\\/\",\"name\":\"LAPORTE Consultants\",\"description\":\"Engineering Consultants - Plant Engineering\",\"publisher\":{\"@id\":\"https:\\\/\\\/laporteconsultants.com\\\/en\\\/#organization\"},\"potentialAction\":[{\"@type\":\"SearchAction\",\"target\":{\"@type\":\"EntryPoint\",\"urlTemplate\":\"https:\\\/\\\/laporteconsultants.com\\\/en\\\/?s={search_term_string}\"},\"query-input\":{\"@type\":\"PropertyValueSpecification\",\"valueRequired\":true,\"valueName\":\"search_term_string\"}}],\"inLanguage\":\"en-US\"},{\"@type\":\"Organization\",\"@id\":\"https:\\\/\\\/laporteconsultants.com\\\/en\\\/#organization\",\"name\":\"Laporte\",\"url\":\"https:\\\/\\\/laporteconsultants.com\\\/en\\\/\",\"logo\":{\"@type\":\"ImageObject\",\"inLanguage\":\"en-US\",\"@id\":\"https:\\\/\\\/laporteconsultants.com\\\/en\\\/#\\\/schema\\\/logo\\\/image\\\/\",\"url\":\"https:\\\/\\\/laporteconsultants.com\\\/wp-content\\\/uploads\\\/2021\\\/03\\\/LOGO-_SEUL_RGB.png\",\"contentUrl\":\"https:\\\/\\\/laporteconsultants.com\\\/wp-content\\\/uploads\\\/2021\\\/03\\\/LOGO-_SEUL_RGB.png\",\"width\":2400,\"height\":1200,\"caption\":\"Laporte\"},\"image\":{\"@id\":\"https:\\\/\\\/laporteconsultants.com\\\/en\\\/#\\\/schema\\\/logo\\\/image\\\/\"},\"sameAs\":[\"https:\\\/\\\/linkedin.com\\\/company\\\/laporteconsultants\"]}]}<\/script>\n<!-- \/ Yoast SEO plugin. -->","yoast_head_json":{"title":"Grain, Pulse - Laporte","description":"Laporte offre des services d'ing\u00e9nierie d'usine sp\u00e9cialis\u00e9s dans le domaine agroalimentaire.","robots":{"index":"index","follow":"follow","max-snippet":"max-snippet:-1","max-image-preview":"max-image-preview:large","max-video-preview":"max-video-preview:-1"},"canonical":"https:\/\/laporteconsultants.com\/en\/markets-and-customers\/agrifood\/grain-pulse\/","og_locale":"en_US","og_type":"article","og_title":"Grain, Pulse - Laporte","og_description":"Laporte offre des services d'ing\u00e9nierie d'usine sp\u00e9cialis\u00e9s dans le domaine agroalimentaire.","og_url":"https:\/\/laporteconsultants.com\/en\/markets-and-customers\/agrifood\/grain-pulse\/","og_site_name":"LAPORTE Consultants","article_modified_time":"2025-11-10T20:56:45+00:00","twitter_card":"summary_large_image","schema":{"@context":"https:\/\/schema.org","@graph":[{"@type":"WebPage","@id":"https:\/\/laporteconsultants.com\/en\/markets-and-customers\/agrifood\/grain-pulse\/","url":"https:\/\/laporteconsultants.com\/en\/markets-and-customers\/agrifood\/grain-pulse\/","name":"Grain, Pulse - Laporte","isPartOf":{"@id":"https:\/\/laporteconsultants.com\/en\/#website"},"datePublished":"2025-11-10T20:14:04+00:00","dateModified":"2025-11-10T20:56:45+00:00","description":"Laporte offre des services d'ing\u00e9nierie d'usine sp\u00e9cialis\u00e9s dans le domaine agroalimentaire.","breadcrumb":{"@id":"https:\/\/laporteconsultants.com\/en\/markets-and-customers\/agrifood\/grain-pulse\/#breadcrumb"},"inLanguage":"en-US","potentialAction":[{"@type":"ReadAction","target":["https:\/\/laporteconsultants.com\/en\/markets-and-customers\/agrifood\/grain-pulse\/"]}]},{"@type":"BreadcrumbList","@id":"https:\/\/laporteconsultants.com\/en\/markets-and-customers\/agrifood\/grain-pulse\/#breadcrumb","itemListElement":[{"@type":"ListItem","position":1,"name":"Home","item":"https:\/\/laporteconsultants.com\/en\/"},{"@type":"ListItem","position":2,"name":"Markets and Clients","item":"https:\/\/laporteconsultants.com\/en\/markets-and-customers\/"},{"@type":"ListItem","position":3,"name":"Agrifood","item":"https:\/\/laporteconsultants.com\/en\/markets-and-customers\/agrifood\/"},{"@type":"ListItem","position":4,"name":"Grain, Pulse"}]},{"@type":"WebSite","@id":"https:\/\/laporteconsultants.com\/en\/#website","url":"https:\/\/laporteconsultants.com\/en\/","name":"LAPORTE Consultants","description":"Engineering Consultants - Plant Engineering","publisher":{"@id":"https:\/\/laporteconsultants.com\/en\/#organization"},"potentialAction":[{"@type":"SearchAction","target":{"@type":"EntryPoint","urlTemplate":"https:\/\/laporteconsultants.com\/en\/?s={search_term_string}"},"query-input":{"@type":"PropertyValueSpecification","valueRequired":true,"valueName":"search_term_string"}}],"inLanguage":"en-US"},{"@type":"Organization","@id":"https:\/\/laporteconsultants.com\/en\/#organization","name":"Laporte","url":"https:\/\/laporteconsultants.com\/en\/","logo":{"@type":"ImageObject","inLanguage":"en-US","@id":"https:\/\/laporteconsultants.com\/en\/#\/schema\/logo\/image\/","url":"https:\/\/laporteconsultants.com\/wp-content\/uploads\/2021\/03\/LOGO-_SEUL_RGB.png","contentUrl":"https:\/\/laporteconsultants.com\/wp-content\/uploads\/2021\/03\/LOGO-_SEUL_RGB.png","width":2400,"height":1200,"caption":"Laporte"},"image":{"@id":"https:\/\/laporteconsultants.com\/en\/#\/schema\/logo\/image\/"},"sameAs":["https:\/\/linkedin.com\/company\/laporteconsultants"]}]}},"_links":{"self":[{"href":"https:\/\/laporteconsultants.com\/en\/wp-json\/wp\/v2\/pages\/13137","targetHints":{"allow":["GET"]}}],"collection":[{"href":"https:\/\/laporteconsultants.com\/en\/wp-json\/wp\/v2\/pages"}],"about":[{"href":"https:\/\/laporteconsultants.com\/en\/wp-json\/wp\/v2\/types\/page"}],"author":[{"embeddable":true,"href":"https:\/\/laporteconsultants.com\/en\/wp-json\/wp\/v2\/users\/2"}],"replies":[{"embeddable":true,"href":"https:\/\/laporteconsultants.com\/en\/wp-json\/wp\/v2\/comments?post=13137"}],"version-history":[{"count":0,"href":"https:\/\/laporteconsultants.com\/en\/wp-json\/wp\/v2\/pages\/13137\/revisions"}],"up":[{"embeddable":true,"href":"https:\/\/laporteconsultants.com\/en\/wp-json\/wp\/v2\/pages\/881"}],"wp:attachment":[{"href":"https:\/\/laporteconsultants.com\/en\/wp-json\/wp\/v2\/media?parent=13137"}],"curies":[{"name":"wp","href":"https:\/\/api.w.org\/{rel}","templated":true}]}}