{"id":867,"date":"2020-08-27T09:39:56","date_gmt":"2020-08-27T13:39:56","guid":{"rendered":"https:\/\/laporte1.wpenginepowered.com\/?page_id=867"},"modified":"2020-09-17T11:43:15","modified_gmt":"2020-09-17T15:43:15","slug":"sitemap","status":"publish","type":"page","link":"https:\/\/laporteconsultants.com\/en\/sitemap\/","title":{"rendered":"Sitemap"},"content":{"rendered":"<div class=\"wp-block-paragraph wysiwyg container\"><div class=\"container-wrapper-content\">\n<p><strong><div class=\"wsp-container\"><h2 class=\"wsp-pages-title\">Pages<\/h2>\n<ul class=\"wsp-pages-list\">\n<li class=\"page_item page-item-8617\"><a href=\"https:\/\/laporteconsultants.com\/en\/recruitment\/\">#8617 (no title)<\/a><\/li>\n<li class=\"page_item page-item-6137\"><a href=\"https:\/\/laporteconsultants.com\/en\/cookie-policy\/\">Cookie Policy<\/a><\/li>\n<li class=\"page_item page-item-3946\"><a href=\"https:\/\/laporteconsultants.com\/en\/paints-inks-coatings\/\">Paints, Inks, &#038; Coatings<\/a><\/li>\n<li class=\"page_item page-item-6157\"><a href=\"https:\/\/laporteconsultants.com\/en\/privacy-policy\/\">Privacy Policy<\/a><\/li>\n<li class=\"page_item page-item-2358\"><a href=\"https:\/\/laporteconsultants.com\/en\/safety-memos\/\">Safety Memos<\/a><\/li>\n<li class=\"page_item page-item-835\"><a href=\"https:\/\/laporteconsultants.com\/en\/expertise\/\">Expertise<\/a><\/li>\n<li class=\"page_item page-item-34\"><a href=\"https:\/\/laporteconsultants.com\/en\/\">Home<\/a><\/li>\n<li class=\"page_item page-item-867\"><a href=\"https:\/\/laporteconsultants.com\/en\/sitemap\/\">Sitemap<\/a><\/li>\n<li class=\"page_item page-item-1863\"><a href=\"https:\/\/laporteconsultants.com\/en\/terms-of-use\/\">Terms of Use<\/a><\/li>\n<li class=\"page_item page-item-869\"><a href=\"https:\/\/laporteconsultants.com\/en\/contact-us\/\">Contact Us<\/a><\/li>\n<li class=\"page_item page-item-871\"><a href=\"https:\/\/laporteconsultants.com\/en\/careers\/\">Careers<\/a><\/li>\n<li class=\"page_item page-item-857\"><a href=\"https:\/\/laporteconsultants.com\/en\/services\/\">Services<\/a><\/li>\n<li class=\"page_item page-item-877 page_item_has_children\"><a href=\"https:\/\/laporteconsultants.com\/en\/markets-and-customers\/\">Markets and Clients<\/a>\n<ul class='children'>\n\t<li class=\"page_item page-item-10442\"><a href=\"https:\/\/laporteconsultants.com\/en\/markets-and-customers\/industrial\/\">Industrial<\/a><\/li>\n\t<li class=\"page_item page-item-879\"><a href=\"https:\/\/laporteconsultants.com\/en\/markets-and-customers\/industrial-biotech\/\">Industrial Biotech<\/a><\/li>\n\t<li class=\"page_item page-item-881 page_item_has_children\"><a href=\"https:\/\/laporteconsultants.com\/en\/markets-and-customers\/agrifood\/\">Agrifood<\/a>\n\t<ul class='children'>\n\t\t<li class=\"page_item page-item-13116\"><a href=\"https:\/\/laporteconsultants.com\/en\/markets-and-customers\/agrifood\/caramel-syrup\/\">Caramel, Syrup, Pigment, Flavor, Additive<\/a><\/li>\n\t\t<li class=\"page_item page-item-13137\"><a href=\"https:\/\/laporteconsultants.com\/en\/markets-and-customers\/agrifood\/grain-pulse\/\">Grain, Pulse<\/a><\/li>\n\t\t<li class=\"page_item page-item-13177\"><a href=\"https:\/\/laporteconsultants.com\/en\/markets-and-customers\/agrifood\/milk-infant-formula\/\">Milk, Infant formula<\/a><\/li>\n\t\t<li class=\"page_item page-item-13082\"><a href=\"https:\/\/laporteconsultants.com\/en\/markets-and-customers\/agrifood\/oil-flour\/\">Oil, Flour, Starch, Yeast, Sourdough<\/a><\/li>\n\t\t<li class=\"page_item page-item-13157\"><a href=\"https:\/\/laporteconsultants.com\/en\/markets-and-customers\/agrifood\/pet-food\/\">Pet food<\/a><\/li>\n\t\t<li class=\"page_item page-item-13062\"><a href=\"https:\/\/laporteconsultants.com\/en\/markets-and-customers\/agrifood\/alternative-proteins\/\">Plant-based and alternative proteins<\/a><\/li>\n\t\t<li class=\"page_item page-item-12967\"><a href=\"https:\/\/laporteconsultants.com\/en\/markets-and-customers\/agrifood\/salad-dressing-sauce-condiment-dip\/\">Salad dressing, Sauce, Condiment, Dip<\/a><\/li>\n\t\t<li class=\"page_item page-item-13001\"><a href=\"https:\/\/laporteconsultants.com\/en\/markets-and-customers\/agrifood\/sugar\/\">Sugar<\/a><\/li>\n\t\t<li class=\"page_item page-item-13197\"><a href=\"https:\/\/laporteconsultants.com\/en\/markets-and-customers\/agrifood\/yogurt-cheese-ice-cream\/\">Yogurt, Cheese, Ice Cream<\/a><\/li>\n\t<\/ul>\n<\/li>\n\t<li class=\"page_item page-item-883\"><a href=\"https:\/\/laporteconsultants.com\/en\/markets-and-customers\/pharmaceutical\/\">Pharmaceutical<\/a><\/li>\n<\/ul>\n<\/li>\n<li class=\"page_item page-item-849\"><a href=\"https:\/\/laporteconsultants.com\/en\/about-us\/\">About us<\/a><\/li>\n<\/ul>\n<h2 class=\"wsp-posts-title\">Posts by category<\/h2>\n<ul class=\"wsp-posts-list\">\n\t<li><strong class=\"wsp-category-title\">Category: <a href=\"https:\/\/laporteconsultants.com\/en\/category\/working-environment\/\">Working Environment<\/a><\/strong>\n<ul class=\"wsp-posts-list\">\t\t<li class=\"wsp-post\"><a href=\"https:\/\/laporteconsultants.com\/en\/laporte-experts-conseils-is-the-winner-of-the-2017-maurice-pollack-award\/\">Laporte Experts Conseils, winner of the Maurice Pollack Award<\/a><\/li>\n\t\t<li class=\"wsp-post\"><a href=\"https:\/\/laporteconsultants.com\/en\/the-origins-of-laportes-employees\/\">The origins of Laporte\u2019s employees<\/a><\/li>\n<\/ul><\/li>\n<\/ul>\n<h2 class=\"wsp-careers-title\">Carri\u00e8res<\/h2>\n<ul class=\"wsp-careers-list\">\n<li><a href=\"https:\/\/laporteconsultants.com\/en\/careers\/coordonnateur-trice-support-ti-2\/\">Coordonnateur.trice, support TI<\/a><\/li>\n<li><a href=\"https:\/\/laporteconsultants.com\/en\/careers\/ingenieur-e-en-procedes-pharmaceutiques\/\">Ing\u00e9nieur.e en proc\u00e9d\u00e9s pharmaceutiques<\/a><\/li>\n<li><a href=\"https:\/\/laporteconsultants.com\/en\/careers\/ingenieur-e-en-electricite-du-batiment-3\/\">Ing\u00e9nieur.e en \u00e9lectricit\u00e9 du b\u00e2timent<\/a><\/li>\n<li><a href=\"https:\/\/laporteconsultants.com\/en\/careers\/charge-e-de-projet-procedes-alimentaires-2\/\">Charg\u00e9.e de projet, proc\u00e9d\u00e9s alimentaires<\/a><\/li>\n<li><a href=\"https:\/\/laporteconsultants.com\/en\/careers\/stagiaire-en-genie-mecanique\/\">Stagiaire en g\u00e9nie m\u00e9canique<\/a><\/li>\n<li><a href=\"https:\/\/laporteconsultants.com\/en\/careers\/cpi-mecanique-du-batiment\/\">CPI, m\u00e9canique du b\u00e2timent<\/a><\/li>\n<li><a href=\"https:\/\/laporteconsultants.com\/en\/careers\/ingenieur-e-en-automatisation\/\">Ing\u00e9nieur.e en automatisation<\/a><\/li>\n<li><a href=\"https:\/\/laporteconsultants.com\/en\/careers\/ingenieur-e-senior-mecanique-du-batiment\/\">Ing\u00e9nieur.e s\u00e9nior, m\u00e9canique du b\u00e2timent<\/a><\/li>\n<li><a href=\"https:\/\/laporteconsultants.com\/en\/careers\/ingenieur-e-intermediaire-mecanique-du-batiment\/\">Ing\u00e9nieur.e interm\u00e9diaire, m\u00e9canique du b\u00e2timent<\/a><\/li>\n<li><a href=\"https:\/\/laporteconsultants.com\/en\/careers\/ingenieur-e-specialiste-senior-en-validation-pharmaceutique\/\">Ing\u00e9nieur.e\/Sp\u00e9cialiste s\u00e9nior en validation pharmaceutique<\/a><\/li>\n<li><a href=\"https:\/\/laporteconsultants.com\/en\/careers\/ingenieur-e-projets-pharmaceutiques\/\">Charg\u00e9.e de projets, pharmaceutiques<\/a><\/li>\n<li><a href=\"https:\/\/laporteconsultants.com\/en\/careers\/chef-fe-dequipe-en-automatisation\/\">Chef.fe d\u2019\u00e9quipe en automatisation<\/a><\/li>\n<li><a href=\"https:\/\/laporteconsultants.com\/en\/careers\/ingenieur-e-en-electricite-du-batiment\/\">Ing\u00e9nieur.e en \u00e9lectricit\u00e9 du b\u00e2timent<\/a><\/li>\n<li><a href=\"https:\/\/laporteconsultants.com\/en\/careers\/technicien-ne-en-automatisation\/\">Technicien.ne en automatisation<\/a><\/li>\n<li><a href=\"https:\/\/laporteconsultants.com\/en\/careers\/cpi-mecanique-du-batiment-2\/\">CPI, m\u00e9canique du b\u00e2timent<\/a><\/li>\n<li><a href=\"https:\/\/laporteconsultants.com\/en\/careers\/ingenieur-e-mecanique-du-batiment-2\/\">Ing\u00e9nieur.e, m\u00e9canique du b\u00e2timent<\/a><\/li>\n<li><a href=\"https:\/\/laporteconsultants.com\/en\/careers\/ingenieur-e-en-analyse-de-contraintes-de-tuyauterie-2\/\">Ing\u00e9nieur.e en analyse de contraintes de tuyauterie<\/a><\/li>\n<li><a href=\"https:\/\/laporteconsultants.com\/en\/careers\/food-process-engineer\/\">Food Process Engineer<\/a><\/li>\n<li><a href=\"https:\/\/laporteconsultants.com\/en\/careers\/mechanical-engineer-industrial-plants-2\/\">Mechanical Engineer (Industrial Plants)<\/a><\/li>\n<li><a href=\"https:\/\/laporteconsultants.com\/en\/careers\/machine-safety-engineer\/\">Machine Safety Engineer<\/a><\/li>\n<li><a href=\"https:\/\/laporteconsultants.com\/en\/careers\/automation-engineer-2\/\">Automation Engineer<\/a><\/li>\n<li><a href=\"https:\/\/laporteconsultants.com\/en\/careers\/manufacturing-technician-industrial-engineering\/\">Manufacturing Technician - Industrial Engineering<\/a><\/li>\n<li><a href=\"https:\/\/laporteconsultants.com\/en\/careers\/senior-engineer-specialist-pharmaceutical-validation\/\">Senior Engineer\/Specialist, Pharmaceutical Validation<\/a><\/li>\n<li><a href=\"https:\/\/laporteconsultants.com\/en\/careers\/piping-stress-engineer\/\">Piping Stress Engineer<\/a><\/li>\n<li><a href=\"https:\/\/laporteconsultants.com\/en\/careers\/senior-electrical-instrumentation-and-control-engineer\/\">Senior Electrical Instrumentation and Control Engineer<\/a><\/li>\n<li><a href=\"https:\/\/laporteconsultants.com\/en\/careers\/ingenieur-process-f-h-x\/\">Ing\u00e9nieur Process F\/H\/X<\/a><\/li>\n<li><a href=\"https:\/\/laporteconsultants.com\/en\/careers\/ingenieur-utilites-grises-f-h-x\/\">Ing\u00e9nieur Utilit\u00e9s Grises F\/H\/X<\/a><\/li>\n<li><a href=\"https:\/\/laporteconsultants.com\/en\/careers\/ingenieur-utilites-propres-f-h-x\/\">Ing\u00e9nieur Utilit\u00e9s Propres F\/H\/X<\/a><\/li>\n<li><a href=\"https:\/\/laporteconsultants.com\/en\/careers\/project-manager\/\">Project manager<\/a><\/li>\n<li><a href=\"https:\/\/laporteconsultants.com\/en\/careers\/process-engineer\/\">Process engineer<\/a><\/li>\n<li><a href=\"https:\/\/laporteconsultants.com\/en\/careers\/ingenieur-salles-blanches-f-h-x\/\">Ing\u00e9nieur Salles Blanches F\/H\/X<\/a><\/li>\n<li><a href=\"https:\/\/laporteconsultants.com\/en\/careers\/ingenieur-process-equipements-f-h-x\/\">Ing\u00e9nieur process \u00e9quipements F\/H\/X<\/a><\/li>\n<li><a href=\"https:\/\/laporteconsultants.com\/en\/careers\/ingenieur-hvac-f-h-x\/\">Ing\u00e9nieur HVAC F\/H\/X<\/a><\/li>\n<li><a href=\"https:\/\/laporteconsultants.com\/en\/careers\/chef-de-projets-pharmaceutiques-f-h-x\/\">Chef de Projets Pharmaceutiques F\/H\/X<\/a><\/li>\n<li><a href=\"https:\/\/laporteconsultants.com\/en\/careers\/ingenieur-qualification-validation-f-h-x\/\">Ing\u00e9nieur Qualification \/ Validation F\/H\/X<\/a><\/li>\n<li><a href=\"https:\/\/laporteconsultants.com\/en\/careers\/12997\/\">Senior Mechanical Engineer<\/a><\/li>\n<li><a href=\"https:\/\/laporteconsultants.com\/en\/careers\/senior-electrical-engineer\/\">Senior Electrical Engineer<\/a><\/li>\n<li><a href=\"https:\/\/laporteconsultants.com\/en\/careers\/senior-controls-engineer\/\">Senior Controls Engineer<\/a><\/li>\n<li><a href=\"https:\/\/laporteconsultants.com\/en\/careers\/intermediate-controls-engineer\/\">Intermediate Controls Engineer<\/a><\/li>\n<li><a href=\"https:\/\/laporteconsultants.com\/en\/careers\/bim-manager\/\">BIM Manager<\/a><\/li>\n<li><a href=\"https:\/\/laporteconsultants.com\/en\/careers\/architect\/\">Architect<\/a><\/li>\n<\/ul>\n<\/div><\/strong>&nbsp;<\/p>\n<\/div><\/div>","protected":false},"excerpt":{"rendered":"<p>&nbsp;<\/p>\n","protected":false},"author":1,"featured_media":0,"parent":0,"menu_order":35,"comment_status":"closed","ping_status":"closed","template":"","meta":{"_acf_changed":false,"inline_featured_image":false,"footnotes":""},"class_list":["post-867","page","type-page","status-publish","hentry"],"acf":[],"yoast_head":"<!-- This site is optimized with the Yoast SEO plugin v27.3 - https:\/\/yoast.com\/product\/yoast-seo-wordpress\/ -->\n<title>Sitemap - Laporte<\/title>\n<meta name=\"description\" content=\"Site Map Home About Us Laporte Today Company Evolution Management Team Office Locations News Events Markets Food and Beverage Biopharmaceutical Other\" \/>\n<meta name=\"robots\" content=\"index, follow, max-snippet:-1, max-image-preview:large, max-video-preview:-1\" \/>\n<link rel=\"canonical\" href=\"https:\/\/laporteconsultants.com\/en\/sitemap\/\" \/>\n<meta property=\"og:locale\" content=\"en_US\" \/>\n<meta property=\"og:type\" content=\"article\" \/>\n<meta property=\"og:title\" content=\"Sitemap - Laporte\" \/>\n<meta property=\"og:description\" content=\"Site Map Home About Us Laporte Today Company Evolution Management Team Office Locations News Events Markets Food and Beverage Biopharmaceutical Other\" \/>\n<meta property=\"og:url\" content=\"https:\/\/laporteconsultants.com\/en\/sitemap\/\" \/>\n<meta property=\"og:site_name\" content=\"LAPORTE Consultants\" \/>\n<meta property=\"article:modified_time\" content=\"2020-09-17T15:43:15+00:00\" \/>\n<meta name=\"twitter:card\" content=\"summary_large_image\" \/>\n<script type=\"application\/ld+json\" class=\"yoast-schema-graph\">{\"@context\":\"https:\\\/\\\/schema.org\",\"@graph\":[{\"@type\":\"WebPage\",\"@id\":\"https:\\\/\\\/laporteconsultants.com\\\/en\\\/sitemap\\\/\",\"url\":\"https:\\\/\\\/laporteconsultants.com\\\/en\\\/sitemap\\\/\",\"name\":\"Sitemap - Laporte\",\"isPartOf\":{\"@id\":\"https:\\\/\\\/laporteconsultants.com\\\/en\\\/#website\"},\"datePublished\":\"2020-08-27T13:39:56+00:00\",\"dateModified\":\"2020-09-17T15:43:15+00:00\",\"description\":\"Site Map Home About Us Laporte Today Company Evolution Management Team Office Locations News Events Markets Food and Beverage Biopharmaceutical Other\",\"breadcrumb\":{\"@id\":\"https:\\\/\\\/laporteconsultants.com\\\/en\\\/sitemap\\\/#breadcrumb\"},\"inLanguage\":\"en-US\",\"potentialAction\":[{\"@type\":\"ReadAction\",\"target\":[\"https:\\\/\\\/laporteconsultants.com\\\/en\\\/sitemap\\\/\"]}]},{\"@type\":\"BreadcrumbList\",\"@id\":\"https:\\\/\\\/laporteconsultants.com\\\/en\\\/sitemap\\\/#breadcrumb\",\"itemListElement\":[{\"@type\":\"ListItem\",\"position\":1,\"name\":\"Home\",\"item\":\"https:\\\/\\\/laporteconsultants.com\\\/en\\\/\"},{\"@type\":\"ListItem\",\"position\":2,\"name\":\"Sitemap\"}]},{\"@type\":\"WebSite\",\"@id\":\"https:\\\/\\\/laporteconsultants.com\\\/en\\\/#website\",\"url\":\"https:\\\/\\\/laporteconsultants.com\\\/en\\\/\",\"name\":\"LAPORTE Consultants\",\"description\":\"Engineering Consultants - Plant Engineering\",\"publisher\":{\"@id\":\"https:\\\/\\\/laporteconsultants.com\\\/en\\\/#organization\"},\"potentialAction\":[{\"@type\":\"SearchAction\",\"target\":{\"@type\":\"EntryPoint\",\"urlTemplate\":\"https:\\\/\\\/laporteconsultants.com\\\/en\\\/?s={search_term_string}\"},\"query-input\":{\"@type\":\"PropertyValueSpecification\",\"valueRequired\":true,\"valueName\":\"search_term_string\"}}],\"inLanguage\":\"en-US\"},{\"@type\":\"Organization\",\"@id\":\"https:\\\/\\\/laporteconsultants.com\\\/en\\\/#organization\",\"name\":\"Laporte\",\"url\":\"https:\\\/\\\/laporteconsultants.com\\\/en\\\/\",\"logo\":{\"@type\":\"ImageObject\",\"inLanguage\":\"en-US\",\"@id\":\"https:\\\/\\\/laporteconsultants.com\\\/en\\\/#\\\/schema\\\/logo\\\/image\\\/\",\"url\":\"https:\\\/\\\/laporteconsultants.com\\\/wp-content\\\/uploads\\\/2021\\\/03\\\/LOGO-_SEUL_RGB.png\",\"contentUrl\":\"https:\\\/\\\/laporteconsultants.com\\\/wp-content\\\/uploads\\\/2021\\\/03\\\/LOGO-_SEUL_RGB.png\",\"width\":2400,\"height\":1200,\"caption\":\"Laporte\"},\"image\":{\"@id\":\"https:\\\/\\\/laporteconsultants.com\\\/en\\\/#\\\/schema\\\/logo\\\/image\\\/\"},\"sameAs\":[\"https:\\\/\\\/linkedin.com\\\/company\\\/laporteconsultants\"]}]}<\/script>\n<!-- \/ Yoast SEO plugin. -->","yoast_head_json":{"title":"Sitemap - Laporte","description":"Site Map Home About Us Laporte Today Company Evolution Management Team Office Locations News Events Markets Food and Beverage Biopharmaceutical Other","robots":{"index":"index","follow":"follow","max-snippet":"max-snippet:-1","max-image-preview":"max-image-preview:large","max-video-preview":"max-video-preview:-1"},"canonical":"https:\/\/laporteconsultants.com\/en\/sitemap\/","og_locale":"en_US","og_type":"article","og_title":"Sitemap - Laporte","og_description":"Site Map Home About Us Laporte Today Company Evolution Management Team Office Locations News Events Markets Food and Beverage Biopharmaceutical Other","og_url":"https:\/\/laporteconsultants.com\/en\/sitemap\/","og_site_name":"LAPORTE Consultants","article_modified_time":"2020-09-17T15:43:15+00:00","twitter_card":"summary_large_image","schema":{"@context":"https:\/\/schema.org","@graph":[{"@type":"WebPage","@id":"https:\/\/laporteconsultants.com\/en\/sitemap\/","url":"https:\/\/laporteconsultants.com\/en\/sitemap\/","name":"Sitemap - Laporte","isPartOf":{"@id":"https:\/\/laporteconsultants.com\/en\/#website"},"datePublished":"2020-08-27T13:39:56+00:00","dateModified":"2020-09-17T15:43:15+00:00","description":"Site Map Home About Us Laporte Today Company Evolution Management Team Office Locations News Events Markets Food and Beverage Biopharmaceutical Other","breadcrumb":{"@id":"https:\/\/laporteconsultants.com\/en\/sitemap\/#breadcrumb"},"inLanguage":"en-US","potentialAction":[{"@type":"ReadAction","target":["https:\/\/laporteconsultants.com\/en\/sitemap\/"]}]},{"@type":"BreadcrumbList","@id":"https:\/\/laporteconsultants.com\/en\/sitemap\/#breadcrumb","itemListElement":[{"@type":"ListItem","position":1,"name":"Home","item":"https:\/\/laporteconsultants.com\/en\/"},{"@type":"ListItem","position":2,"name":"Sitemap"}]},{"@type":"WebSite","@id":"https:\/\/laporteconsultants.com\/en\/#website","url":"https:\/\/laporteconsultants.com\/en\/","name":"LAPORTE Consultants","description":"Engineering Consultants - Plant Engineering","publisher":{"@id":"https:\/\/laporteconsultants.com\/en\/#organization"},"potentialAction":[{"@type":"SearchAction","target":{"@type":"EntryPoint","urlTemplate":"https:\/\/laporteconsultants.com\/en\/?s={search_term_string}"},"query-input":{"@type":"PropertyValueSpecification","valueRequired":true,"valueName":"search_term_string"}}],"inLanguage":"en-US"},{"@type":"Organization","@id":"https:\/\/laporteconsultants.com\/en\/#organization","name":"Laporte","url":"https:\/\/laporteconsultants.com\/en\/","logo":{"@type":"ImageObject","inLanguage":"en-US","@id":"https:\/\/laporteconsultants.com\/en\/#\/schema\/logo\/image\/","url":"https:\/\/laporteconsultants.com\/wp-content\/uploads\/2021\/03\/LOGO-_SEUL_RGB.png","contentUrl":"https:\/\/laporteconsultants.com\/wp-content\/uploads\/2021\/03\/LOGO-_SEUL_RGB.png","width":2400,"height":1200,"caption":"Laporte"},"image":{"@id":"https:\/\/laporteconsultants.com\/en\/#\/schema\/logo\/image\/"},"sameAs":["https:\/\/linkedin.com\/company\/laporteconsultants"]}]}},"_links":{"self":[{"href":"https:\/\/laporteconsultants.com\/en\/wp-json\/wp\/v2\/pages\/867","targetHints":{"allow":["GET"]}}],"collection":[{"href":"https:\/\/laporteconsultants.com\/en\/wp-json\/wp\/v2\/pages"}],"about":[{"href":"https:\/\/laporteconsultants.com\/en\/wp-json\/wp\/v2\/types\/page"}],"author":[{"embeddable":true,"href":"https:\/\/laporteconsultants.com\/en\/wp-json\/wp\/v2\/users\/1"}],"replies":[{"embeddable":true,"href":"https:\/\/laporteconsultants.com\/en\/wp-json\/wp\/v2\/comments?post=867"}],"version-history":[{"count":0,"href":"https:\/\/laporteconsultants.com\/en\/wp-json\/wp\/v2\/pages\/867\/revisions"}],"wp:attachment":[{"href":"https:\/\/laporteconsultants.com\/en\/wp-json\/wp\/v2\/media?parent=867"}],"curies":[{"name":"wp","href":"https:\/\/api.w.org\/{rel}","templated":true}]}}